{"id":5176,"date":"2023-01-27T17:46:58","date_gmt":"2023-01-27T16:46:58","guid":{"rendered":"https:\/\/www.kgwberlin.de\/?page_id=5176"},"modified":"2023-02-07T18:40:12","modified_gmt":"2023-02-07T17:40:12","slug":"schulwege","status":"publish","type":"page","link":"https:\/\/kgw-berlin.de\/test\/schulwege\/","title":{"rendered":"Schulwege"},"content":{"rendered":"<h2>Bildungsdialog mit Torsten K\u00fchne \u2013 neue Einschulungsgebiete f\u00fcr die Grundsch\u00fcler in Mahlsdorf und Kaulsdorf | 07. Februar ab 19 Uhr Digital<\/h2>\n<p><img loading=\"lazy\" decoding=\"async\" src=\"http:\/\/kgw-berlin.de\/test\/wp-content\/uploads\/2023\/02\/IMG-20230202-WA0003-768x768.jpg\" sizes=\"auto, (max-width: 768px) 100vw, 768px\" srcset=\"http:\/\/kgw-berlin.de\/test\/wp-content\/uploads\/2023\/02\/IMG-20230202-WA0003-768x768.jpg 768w, http:\/\/kgw-berlin.de\/test\/wp-content\/uploads\/2023\/02\/IMG-20230202-WA0003-300x300.jpg 300w, http:\/\/kgw-berlin.de\/test\/wp-content\/uploads\/2023\/02\/IMG-20230202-WA0003-1024x1024.jpg 1024w, http:\/\/kgw-berlin.de\/test\/wp-content\/uploads\/2023\/02\/IMG-20230202-WA0003-150x150.jpg 150w, http:\/\/kgw-berlin.de\/test\/wp-content\/uploads\/2023\/02\/IMG-20230202-WA0003-1536x1536.jpg 1536w, http:\/\/kgw-berlin.de\/test\/wp-content\/uploads\/2023\/02\/IMG-20230202-WA0003-200x200.jpg 200w, http:\/\/kgw-berlin.de\/test\/wp-content\/uploads\/2023\/02\/IMG-20230202-WA0003-547x547.jpg 547w, http:\/\/kgw-berlin.de\/test\/wp-content\/uploads\/2023\/02\/IMG-20230202-WA0003-678x678.jpg 678w, http:\/\/kgw-berlin.de\/test\/wp-content\/uploads\/2023\/02\/IMG-20230202-WA0003-524x524.jpg 524w, http:\/\/kgw-berlin.de\/test\/wp-content\/uploads\/2023\/02\/IMG-20230202-WA0003-420x420.jpg 420w, http:\/\/kgw-berlin.de\/test\/wp-content\/uploads\/2023\/02\/IMG-20230202-WA0003-444x444.jpg 444w, http:\/\/kgw-berlin.de\/test\/wp-content\/uploads\/2023\/02\/IMG-20230202-WA0003-916x916.jpg 916w, http:\/\/kgw-berlin.de\/test\/wp-content\/uploads\/2023\/02\/IMG-20230202-WA0003.jpg 1600w\" alt=\"\" width=\"768\" height=\"768\" \/><\/p>\n<p>Wir haben lange f\u00fcr die neue Grundschule am Elsengrund gek\u00e4mpft und endlich wird sie gebaut. Das bringt nun die lang ersehnte Entlastung f\u00fcr alle 5 Grundschulen im Siedlungsgebiet. Das bedeutet aber auch, dass es neue Einzugsgebiete f\u00fcr dann alle 6 Grundschulen geben wird.<\/p>\n<p>Ein neuer Schulstandort muss immer schon mindestens 1,5 Jahre vor der Er\u00f6ffnung durch die Festlegung von Einschulbereichen vorbereitet werden. Die neu zugeschnittenen Einzugsgebiete in Mahlsdorf und Kaulsdorf werden auch bereits ab dem kommenden Schuljahr bei der Einrichtung der 1. Klassen ber\u00fccksichtigt.<\/p>\n<p>Um Sie liebe Eltern, als Erstes nach den Schulleitungen zu informieren, m\u00f6chte ich gemeinsam mit dem Schulstadtrat Torsten K\u00fchne in einer digitalen Veranstaltung die neuen Zuschnitte vorstellen und mit Ihnen dazu gerne ins Gespr\u00e4ch kommen.<\/p>\n<p>Der Dialog findet digital \u00fcber ZOOM statt, den Zugangslink finden Sie hier. Er wird am 07.Februar vor der Veranstaltung freigeschaltet.<\/p>\n<a href=\"https:\/\/us02web.zoom.us\/j\/81267578004\" class=\"su-button su-button-style-flat\" style=\"color:#FFFFFF;background-color:#662B57;border-color:#522346;border-radius:4px\" target=\"_blank\" rel=\"noopener noreferrer\"><span style=\"color:#FFFFFF;padding:0px 14px;font-size:12px;line-height:24px;border-color:#946b8a;border-radius:4px;text-shadow:none\"> Hier geht es zum Zoom Meeting<\/span><\/a>\n<a href=\"https:\/\/www.facebook.com\/events\/1142382653126383\/\" class=\"su-button su-button-style-flat\" style=\"color:#FFFFFF;background-color:#662B57;border-color:#522346;border-radius:4px\" target=\"_blank\" rel=\"noopener noreferrer\"><span style=\"color:#FFFFFF;padding:0px 14px;font-size:12px;line-height:24px;border-color:#946b8a;border-radius:4px;text-shadow:none\"> Facebook Live Session<\/span><\/a>\n<p><span style=\"font-size: revert;\"><br \/>\nGgf. m\u00fcssen Sie die Meeting ID 812 6757 8004 und\/oder Ihren Namen eingeben. Alternativ k\u00f6nnen\u00a0Sie sich unter 069\/380 798 83 auch telefonisch in die Veranstaltung einw\u00e4hlen, dazu nutzen Sie bitte\u00a0folgenden Zugangscode: 812 6757 8004 #<\/span><\/p>\n<p>Bitte beachten Sie, dass das Meeting live gestreamt wird und auch nach der Veranstaltung online\u00a0abgerufen werden kann. Mit Ihrer Teilnahme akzeptieren Sie dies.<\/p>\n","protected":false},"excerpt":{"rendered":"<p>Bildungsdialog mit Torsten K\u00fchne \u2013 neue Einschulungsgebiete f\u00fcr die Grundsch\u00fcler in Mahlsdorf und Kaulsdorf | 07. Februar ab 19 Uhr Digital Wir haben lange f\u00fcr die neue Grundschule am Elsengrund [&hellip;]<\/p>\n","protected":false},"author":3,"featured_media":5225,"parent":0,"menu_order":0,"comment_status":"closed","ping_status":"closed","template":"","meta":{"footnotes":""},"class_list":["post-5176","page","type-page","status-publish","has-post-thumbnail","hentry"],"_links":{"self":[{"href":"https:\/\/kgw-berlin.de\/test\/wp-json\/wp\/v2\/pages\/5176","targetHints":{"allow":["GET"]}}],"collection":[{"href":"https:\/\/kgw-berlin.de\/test\/wp-json\/wp\/v2\/pages"}],"about":[{"href":"https:\/\/kgw-berlin.de\/test\/wp-json\/wp\/v2\/types\/page"}],"author":[{"embeddable":true,"href":"https:\/\/kgw-berlin.de\/test\/wp-json\/wp\/v2\/users\/3"}],"replies":[{"embeddable":true,"href":"https:\/\/kgw-berlin.de\/test\/wp-json\/wp\/v2\/comments?post=5176"}],"version-history":[{"count":40,"href":"https:\/\/kgw-berlin.de\/test\/wp-json\/wp\/v2\/pages\/5176\/revisions"}],"predecessor-version":[{"id":5253,"href":"https:\/\/kgw-berlin.de\/test\/wp-json\/wp\/v2\/pages\/5176\/revisions\/5253"}],"wp:featuredmedia":[{"embeddable":true,"href":"https:\/\/kgw-berlin.de\/test\/wp-json\/wp\/v2\/media\/5225"}],"wp:attachment":[{"href":"https:\/\/kgw-berlin.de\/test\/wp-json\/wp\/v2\/media?parent=5176"}],"curies":[{"name":"wp","href":"https:\/\/api.w.org\/{rel}","templated":true}]}}