{"id":4985,"date":"2023-01-03T19:37:50","date_gmt":"2023-01-03T18:37:50","guid":{"rendered":"https:\/\/www.kgwberlin.de\/?page_id=4985"},"modified":"2023-01-04T19:53:14","modified_gmt":"2023-01-04T18:53:14","slug":"aerzteversorgung-und-gesundheit","status":"publish","type":"page","link":"https:\/\/kgw-berlin.de\/test\/gemeinsam-fuer-mahlsdorf-und-kaulsdorf\/aerzteversorgung-und-gesundheit\/","title":{"rendered":"\u00c4rzteversorgung und Gesundheit"},"content":{"rendered":"<p>Die Verbesserung der \u00e4rztlichen Versorgung ist in unserem Bezirk eine der dr\u00e4ngendsten Aufgaben.<\/p>\n<p><!--more--><\/p>\n<p>Die Verbesserung der \u00e4rztlichen Versorgung ist in unserem Bezirk eine der dr\u00e4ngendsten Aufgaben. In Marzahn-Hellersdorf fehlt es an Haus- und Fach\u00e4rzten. Beinahe t\u00e4glich erreichen uns Kiezmacher Anfragen besorgter B\u00fcrger, die keinen Hausarzt finden oder verzweifelt auf Terminsuche bei einem Facharzt sind. Hinzu kommt, dass immer mehr niedergelassene \u00c4rzte im Bezirk in den Ruhestand gehen, ohne eine Praxisnachfolge geregelt oder gefunden zu haben. Diese Entwicklung findet zudem in einem wachsenden Bezirk statt. Es gilt zu konstatieren: Immer mehr Einwohner treffen auf immer weniger \u00c4rzte.<\/p>\n<p>Auf der anderen Seite k\u00f6nnen die vorhandenen Haus\u00e4rzte die steigenden Patientenzahlen kaum mehr bewerkstelligen. Viele Praxen arbeiten am Limit, trotz gr\u00f6\u00dfter M\u00fche und Anstrengung der \u00c4rzte und des Praxispersonals. Immer h\u00e4ufiger hei\u00dft es jedoch: \u201eIch kann Sie leider nicht als Patienten annehmen\u201c. Diese Aussage kommt niemandem leicht \u00fcber die Lippen.<\/p>\n<p>Ohnehin belastet im Praxisalltag, hat die Ampel-Koalition im Deutschen Bundestag den niedergelassenen \u00c4rzten nun auch noch die so genannte Neupatientenregelung gestrichen. Diese Regelung wurde auf Initiative der CDU in der vorhergehenden Legislaturperiode eingef\u00fchrt und war ein Anreizsystem f\u00fcr Arztpraxen, neue Patienten anzunehmen. Gerade in unterversorgten Regionen wie Marzahn-Hellersdorf war dieses System der extrabudget\u00e4ren Verg\u00fctung von gro\u00dfer Bedeutung. Ihr Ende durch Karl Lauterbachs Spiegelstrich ist daher ein herber Schlag f\u00fcr die Gesundheitsversorgung im Bezirk.<\/p>\n<p>Wichtig ist uns als Kiezmachern f\u00fcr Marzahn-Hellersdorf, mit allen Beteiligten im Gespr\u00e4ch zu bleiben und gemeinsam nach L\u00f6sungen f\u00fcr die \u00e4rztliche Unterversorgung in unserer Region zu suchen.<\/p>\n","protected":false},"excerpt":{"rendered":"<p>Die Verbesserung der \u00e4rztlichen Versorgung ist in unserem Bezirk eine der dr\u00e4ngendsten Aufgaben.<\/p>\n","protected":false},"author":3,"featured_media":5055,"parent":336,"menu_order":6,"comment_status":"closed","ping_status":"closed","template":"page-templates\/full-width-page.php","meta":{"footnotes":""},"class_list":["post-4985","page","type-page","status-publish","has-post-thumbnail","hentry"],"_links":{"self":[{"href":"https:\/\/kgw-berlin.de\/test\/wp-json\/wp\/v2\/pages\/4985","targetHints":{"allow":["GET"]}}],"collection":[{"href":"https:\/\/kgw-berlin.de\/test\/wp-json\/wp\/v2\/pages"}],"about":[{"href":"https:\/\/kgw-berlin.de\/test\/wp-json\/wp\/v2\/types\/page"}],"author":[{"embeddable":true,"href":"https:\/\/kgw-berlin.de\/test\/wp-json\/wp\/v2\/users\/3"}],"replies":[{"embeddable":true,"href":"https:\/\/kgw-berlin.de\/test\/wp-json\/wp\/v2\/comments?post=4985"}],"version-history":[{"count":3,"href":"https:\/\/kgw-berlin.de\/test\/wp-json\/wp\/v2\/pages\/4985\/revisions"}],"predecessor-version":[{"id":4988,"href":"https:\/\/kgw-berlin.de\/test\/wp-json\/wp\/v2\/pages\/4985\/revisions\/4988"}],"up":[{"embeddable":true,"href":"https:\/\/kgw-berlin.de\/test\/wp-json\/wp\/v2\/pages\/336"}],"wp:featuredmedia":[{"embeddable":true,"href":"https:\/\/kgw-berlin.de\/test\/wp-json\/wp\/v2\/media\/5055"}],"wp:attachment":[{"href":"https:\/\/kgw-berlin.de\/test\/wp-json\/wp\/v2\/media?parent=4985"}],"curies":[{"name":"wp","href":"https:\/\/api.w.org\/{rel}","templated":true}]}}