{"id":4666,"date":"2022-11-01T23:25:33","date_gmt":"2022-11-01T22:25:33","guid":{"rendered":"https:\/\/www.kgwberlin.de\/?page_id=4666"},"modified":"2023-12-04T14:17:09","modified_gmt":"2023-12-04T13:17:09","slug":"kita-und-schule","status":"publish","type":"page","link":"https:\/\/kgw-berlin.de\/test\/gemeinsam-fuer-mahlsdorf-und-kaulsdorf\/kita-und-schule\/","title":{"rendered":"Kita und Schule"},"content":{"rendered":"<p>Mahlsdorf und Kaulsdorf erfreut sich stetig wachsender Beliebtheit. Vor allem Familien mit Kindern ziehen gerne in unsere gr\u00fcne Idylle am Stadtrand.<\/p>\n<p><!--more--><\/p>\n<h2>Kita<\/h2>\n<p>Die wachsende Bev\u00f6lkerung stellt uns auch hier vor neue herausfordernde Aufgaben. In Kaulsdorf und Mahlsdorf leben aktuell ca. 3000 Kinder unter 7 Jahren. F\u00fcr diese Kinder stehen ca. 2000 Kitapl\u00e4tze zur Verf\u00fcgung, wovon aktuell 1.800 Pl\u00e4tze belegt sind. Weitere knapp 300 Kinder besuchen Kitaangebote in anderen Bezirken.<\/p>\n<p>Erste Bem\u00fchungen zur Verbesserung der Kitapl\u00e4tze konnten bereits Erfolge verzeichnen.<\/p>\n<p>So vergr\u00f6\u00dferte die Kita Entdeckerzwerge in Kaulsdorf 2019 ihren Standort in der Heinrich-Gr\u00fcber-Str. 12. Die Kita Traumzauberhaus in der Fichtenstr. 18 wurde im Sommer 2021 er\u00f6ffnet. Auch in Mahlsdorf gab es erste Ma\u00dfnahmen und Er\u00f6ffnungen, die zur Entlastung der angespannten Kitasituation beitragen. Die Kitas \u201eGrash\u00fcpfer\u201c und \u201eKinderlachen\u201c, beide von pad gGmbH, wurden er\u00f6ffnet und oberhalb der B1 konnte die Kita \u201eBunte Kinderwelten\u201c starten. Ebenso tragen Erweiterungsbauten, wie zum Beispiel in der Kita \u201eEngelchen und Teufelchen\u201c, zur Entlastung bei.<\/p>\n<p>Leider stagnieren dagegen andere Vorhaben. F\u00fcr den Standort Adolf-Menzel-Str. 50, der als Kitafl\u00e4che vorhanden ist, liegt noch immer kein Zeitplan f\u00fcr eine Kitaer\u00f6ffnung vor. Besonders \u00e4rgerlich ist die Situation des Kitagrundst\u00fccks in der Ulmenstr. 12. Einst von einem Tr\u00e4ger gekauft, sollte dieser Kauf aufgrund von Schwierigkeiten r\u00fcckabgewickelt werden. Dieser Vorgang hat mehr als 2 Jahre gedauert und konnte Ende 2022 endlich abgeschlossen werden. Aktuell laufen Gespr\u00e4che mit den Kitaeigenbetrieben, um diesen Standort zu entwickelnd und so m\u00f6glicherweise die bisher genutzten R\u00e4ume in der Ulmengrundschule freizuziehen. In Mahlsdorf laufen die Verkaufsverhandlungen in der Donizettistr. 50, einer geplanten Kitafl\u00e4che, seit Jahren ohne Ergebnis. Auch f\u00fcr den Kita-Standort Dahlwitzer Str. 19 liegen bisher keine Planungen vor.<\/p>\n<p>Nicht nur der Bau neuer Kitas geh\u00f6rt zu den wichtigen Herausforderungen. Kita darf nicht nur eine Aufbewahrungs- und Betreuungseinrichtung sein, sondern muss vor allem eine gute p\u00e4dagogische Arbeit leisten. Dies kann nur mit ausreichend qualifiziertem p\u00e4dagogischem Personal gelingen. Es m\u00fcssen neue Anreize f\u00fcr den Beruf der Erzieherinnen und Erzieher geschaffen und ausreichend Bewerberinnen und Bewerber ausgebildet werden. Eine wichtige Voraussetzung f\u00fcr die Vereinbarkeit von Familie und Beruf sind gute Betreuungsangebote f\u00fcr unsere Kinder in unserem Ortsteil. Jede Familie muss hierbei die Chance auf einen Kitaplatz haben.<\/p>\n<p>Ich habe mich bisher auf kommunalpolitischer Ebene in der Bezirksverordnetenversammlung f\u00fcr die Sicherung von Kitafl\u00e4chen und den Bau neuer Kindertageseinrichtungen eingesetzt. Jetzt werde ich diese Interessen auf Landesebene weiterverfolgen und mich im Abgeordnetenhaus f\u00fcr die notwendige soziale Infrastruktur in unserem Kiez einsetzen.<\/p>\n<h2>Schule<\/h2>\n<p>Gute Schule f\u00fcr unsere Sch\u00fclerinnen und Sch\u00fcler braucht einen gemeinsamen Weg aller Beteiligten.<\/p>\n<p>Die aktuelle Situation in Mahlsdorf und Kaulsdorf ist unbefriedigend! Es herrscht akuter Schulplatzmangel, stark \u00fcberf\u00fcllte Klassenzimmer belasten Sch\u00fcler und Lehrer, das Mittagessen findet im dreist\u00fcndigen Schichtbetrieb statt, der Sportunterricht findet in kilometerweit entfernten Turnhallen statt!<\/p>\n\n\n<figure class=\"wp-block-image alignright size-large is-resized\"><img loading=\"lazy\" decoding=\"async\" src=\"http:\/\/kgw-berlin.de\/test\/wp-content\/uploads\/2020\/11\/Schulbus_klein.png\" alt=\"\" class=\"wp-image-3418\" width=\"498\" height=\"293\" srcset=\"https:\/\/kgw-berlin.de\/test\/wp-content\/uploads\/2020\/11\/Schulbus_klein.png 664w, https:\/\/kgw-berlin.de\/test\/wp-content\/uploads\/2020\/11\/Schulbus_klein-300x176.png 300w, https:\/\/kgw-berlin.de\/test\/wp-content\/uploads\/2020\/11\/Schulbus_klein-200x117.png 200w, https:\/\/kgw-berlin.de\/test\/wp-content\/uploads\/2020\/11\/Schulbus_klein-150x88.png 150w, https:\/\/kgw-berlin.de\/test\/wp-content\/uploads\/2020\/11\/Schulbus_klein-547x321.png 547w, https:\/\/kgw-berlin.de\/test\/wp-content\/uploads\/2020\/11\/Schulbus_klein-524x308.png 524w, https:\/\/kgw-berlin.de\/test\/wp-content\/uploads\/2020\/11\/Schulbus_klein-420x247.png 420w, https:\/\/kgw-berlin.de\/test\/wp-content\/uploads\/2020\/11\/Schulbus_klein-444x261.png 444w\" sizes=\"auto, (max-width: 498px) 100vw, 498px\" \/><figcaption class=\"wp-element-caption\">Schulbushaltestelle<\/figcaption><\/figure>\n\n\n<p>F\u00fcr viele konkrete Interessen unserer Schulen haben wir bereits in der Vergangenheit gemeinsam gek\u00e4mpft! Das Engagement f\u00fcr die erste neu gebaute weiterf\u00fchrende Schule in Berlin ist nun sichtbar und wird in Form der ISS Mahlsdorf bereits gelebt. Der Aufruf f\u00fcr die Schaffung von Containern auf dem Gel\u00e4nde der Kiekemal-Grundschule war erfolgreich und auch die Arbeiten am Lehnitzplatz konnten rechtzeitig abgeschlossen werden, so dass die Sch\u00fcler der 1. und 2. Klasse der Kiekemal-Grundschule nun dort unterrichtet werden k\u00f6nnen. Daran schlie\u00dft sich nahtlos die Erschlie\u00dfung und Umsetzung des Standortes Elsenstra\u00dfe als neuer Grundschulstandort an. Nur so bekommen wir Entlastung in die extrem belasteten Schulgebiete in Mahlsdorf und Kaulsdorf. Gemeinsam mit unserem Schulstadtrat Dr. Torsten K\u00fchne habe ich erfolgreich f\u00fcr die Ausfinanzierung und den rechtzeitigen Baubeginn an diesem zuk\u00fcnftigen Schulstandort gek\u00e4mpft. Inzwischen ist die Baufeldfreimachung in vollem Gange und im zweiten Quartal dieses Jahres beginnt die Errichtung der 4-z\u00fcgigen Compartement-Grundschule. Aktuell ist eine Inbetriebnahme der Grundschule am Elsengrund f\u00fcr das Schuljahr 2024\/25 geplant.<\/p>\n<p>Als Elternvertreterin an der Ulmenschule ist mir ebenso der Neubau der Turnhalle und der Um- und Ausbau der Mensa und Aula eine Herzensangelegenheit. Hierzu freue ich mich sehr dar\u00fcber, dass der Umbau der Mensa und nun auch der Neubau der 3-Felder-Turnhalle abgeschlossen ist.\u00a0<\/p>\n<p>Die Sanierung der Franz-Carl-Achard-Grundschule war ein schwieriger Weg, sollte doch urspr\u00fcnglich ein Abriss des historischen Geb\u00e4udes stattfinden. Nun liegen konkrete Pl\u00e4ne f\u00fcr eine h\u00f6chst attraktive Verbindung von Alt und Neu vor. Jetzt geht es darum, die Sanierungsma\u00dfnahmen gut vorzubereiten und z\u00fcgig zu starten. Die aktuellen Planungen sehen einen Teilauszug der Sch\u00fcler zum kommenden Schuljahr vor, ein anderer Teil verbleibt am jetzigen Standort in den bereits errichteten MEBs und wird dort unterrichtet. Ziel muss es sein, diesen Zeitraum f\u00fcr die Sch\u00fcler, P\u00e4dagogen und Familien so ertr\u00e4glich wie m\u00f6glich zu gestalten und so z\u00fcgig wie m\u00f6glich zu beenden.<\/p>\n<p>Diese Vorhaben, Planungen und Projetbegleitungen und alle, die noch vor uns liegen, m\u00f6chte ich mit Ihnen gemeinsam fortsetzen. F\u00fcr ausreichend Schulpl\u00e4tze, sanierte und moderne Schulgeb\u00e4ude und anregende und kindgerechte Schulh\u00f6fe.<\/p>\n<figure class=\"wp-block-image alignleft size-large is-resized\"><img loading=\"lazy\" decoding=\"async\" class=\"wp-image-3422\" src=\"http:\/\/kgw-berlin.de\/test\/wp-content\/uploads\/2020\/11\/Elsenschule1_klein.png\" alt=\"\" width=\"511\" height=\"278\" srcset=\"https:\/\/kgw-berlin.de\/test\/wp-content\/uploads\/2020\/11\/Elsenschule1_klein.png 681w, https:\/\/kgw-berlin.de\/test\/wp-content\/uploads\/2020\/11\/Elsenschule1_klein-300x163.png 300w, https:\/\/kgw-berlin.de\/test\/wp-content\/uploads\/2020\/11\/Elsenschule1_klein-200x109.png 200w, https:\/\/kgw-berlin.de\/test\/wp-content\/uploads\/2020\/11\/Elsenschule1_klein-150x81.png 150w, https:\/\/kgw-berlin.de\/test\/wp-content\/uploads\/2020\/11\/Elsenschule1_klein-547x297.png 547w, https:\/\/kgw-berlin.de\/test\/wp-content\/uploads\/2020\/11\/Elsenschule1_klein-678x368.png 678w, https:\/\/kgw-berlin.de\/test\/wp-content\/uploads\/2020\/11\/Elsenschule1_klein-524x285.png 524w, https:\/\/kgw-berlin.de\/test\/wp-content\/uploads\/2020\/11\/Elsenschule1_klein-420x228.png 420w, https:\/\/kgw-berlin.de\/test\/wp-content\/uploads\/2020\/11\/Elsenschule1_klein-444x241.png 444w\" sizes=\"auto, (max-width: 511px) 100vw, 511px\" \/>\n<figcaption class=\"wp-element-caption\">die marode Elsenschule.<\/figcaption>\n<\/figure>\n<p>Die Zeit der Pandemie hat ganz deutlich die Achillesferse der Berliner Schulen aufgezeigt. Von einer standardisierten Digitalausstattung sind ein Gro\u00dfteil der Berliner Schulen noch weit entfernt. Jetzt geht es darum diesen R\u00fcckstand schnell und qualifiziert aufzuholen. M\u00f6glichst von den Leuchtt\u00fcrmen im Schulwesen, auch in unserem Bezirk zu lernen. Die Mittel des Digitalpaktes m\u00fcssen jetzt an die Schulen \u2013 bedingungslos!<\/p>\n<p>Oberste Priorit\u00e4t in unserer Bildungspolitik muss eine versierte Personalpolitik sein. Berlins Schulen brauchen dringend gut qualifizierte P\u00e4dagogen. Es braucht Anreize damit junge Menschen sich wieder bewusst f\u00fcr den Lehrerberuf entscheiden. Quer- und Seiteneinsteiger brauchen gute Qualifikationen. Unsere Sch\u00fclerinnen und Sch\u00fcler haben es verdient, hochwertigen und vollumf\u00e4nglichen Unterricht zu bekommen. Daf\u00fcr ben\u00f6tigen Berlins Schulen eine voll ausgestattete Personaldecke.<\/p>\n<p>Ich stehe f\u00fcr Schulen, die den Begriff Bildungseinrichtung verdienen! Unsere Sch\u00fclerinnen und Sch\u00fcler sollen in nachhaltigen und modernen Schulen lernen. Sie sollen von gut ausgebildeten P\u00e4dagogen f\u00fcr ihre und unsere Zukunft lernen k\u00f6nnen.<\/p>\n<p><!-- \/wp:post-content --><\/p>","protected":false},"excerpt":{"rendered":"<p>Mahlsdorf und Kaulsdorf erfreut sich stetig wachsender Beliebtheit. Vor allem Familien mit Kindern ziehen gerne in unsere gr\u00fcne Idylle am Stadtrand.<\/p>\n","protected":false},"author":3,"featured_media":5072,"parent":336,"menu_order":1,"comment_status":"closed","ping_status":"closed","template":"page-templates\/full-width-page.php","meta":{"footnotes":""},"class_list":["post-4666","page","type-page","status-publish","has-post-thumbnail","hentry"],"_links":{"self":[{"href":"https:\/\/kgw-berlin.de\/test\/wp-json\/wp\/v2\/pages\/4666","targetHints":{"allow":["GET"]}}],"collection":[{"href":"https:\/\/kgw-berlin.de\/test\/wp-json\/wp\/v2\/pages"}],"about":[{"href":"https:\/\/kgw-berlin.de\/test\/wp-json\/wp\/v2\/types\/page"}],"author":[{"embeddable":true,"href":"https:\/\/kgw-berlin.de\/test\/wp-json\/wp\/v2\/users\/3"}],"replies":[{"embeddable":true,"href":"https:\/\/kgw-berlin.de\/test\/wp-json\/wp\/v2\/comments?post=4666"}],"version-history":[{"count":6,"href":"https:\/\/kgw-berlin.de\/test\/wp-json\/wp\/v2\/pages\/4666\/revisions"}],"predecessor-version":[{"id":5750,"href":"https:\/\/kgw-berlin.de\/test\/wp-json\/wp\/v2\/pages\/4666\/revisions\/5750"}],"up":[{"embeddable":true,"href":"https:\/\/kgw-berlin.de\/test\/wp-json\/wp\/v2\/pages\/336"}],"wp:featuredmedia":[{"embeddable":true,"href":"https:\/\/kgw-berlin.de\/test\/wp-json\/wp\/v2\/media\/5072"}],"wp:attachment":[{"href":"https:\/\/kgw-berlin.de\/test\/wp-json\/wp\/v2\/media?parent=4666"}],"curies":[{"name":"wp","href":"https:\/\/api.w.org\/{rel}","templated":true}]}}