{"id":3896,"date":"2022-01-04T14:25:50","date_gmt":"2022-01-04T13:25:50","guid":{"rendered":"https:\/\/www.kgwberlin.de\/?page_id=3896"},"modified":"2024-08-31T08:51:35","modified_gmt":"2024-08-31T06:51:35","slug":"unser-newsletter","status":"publish","type":"page","link":"https:\/\/kgw-berlin.de\/test\/unser-newsletter\/","title":{"rendered":"Unser Newsletter"},"content":{"rendered":"\n<p>Auch nach der Berliner Wiederholungswahl darf ich nun Ihre Interessen als direkt gew\u00e4hlte Abgeordnete f\u00fcr Kaulsdorf und Mahlsdorf vertreten. Zus\u00e4tzlich bin ich seit dem 27. April 2023 Senatorin f\u00fcr Bildung, Jugend und Familie in Berlin. Gemeinsam mit Mario Czaja haben wir viele Probleme gel\u00f6st und noch immer m\u00fcssen wir gro\u00dfe Themen bewegen, deshalb wollen wir gemeinsam um Ihr Vertrauen werben. Mario Czaja vertritt Ihre Interessen im Bundestag und ich im Abgeordnetenhaus, um unsere lokalen Themen weiter voranzubringen. Gemeinsam f\u00fcr unsere beiden D\u00f6rfer, Kaulsdorf und Mahlsdorf. Abonnieren Sie unseren Newsletter \u201eKurz notiert\u201c und erfahren Sie wichtige Neuigkeiten aus Marzahn \u2013 Hellersdorf immer sofort und aus erster Hand! Zus\u00e4tzlich erhalten Sie ausf\u00fchrliche Informationen zu unserer Arbeit hier im Wahlkreis.<\/p>\n\n\n\n            <section class=\"widget widget_newsletter2go\">\n                    <div class=\"nl2go-widget\"><script id=\"69e231e3d24a2\">\n    !function (e, t, n, c, r, a, i) {\n        e.Newsletter2GoTrackingObject = r, e[r] = e[r] || function () {\n                (e[r].q = e[r].q || []).push(arguments)\n            }, e[r].l = 1 * new Date, a = t.createElement(n), i = t.getElementsByTagName(n)[0], a.async = 1, a.src = c, i.parentNode.insertBefore(a, i)\n    }(window, document, \"script\", \"https:\/\/static.newsletter2go.com\/utils.js\", \"n2g\");\n    n2g(\"create\", \"\");\n    n2g('subscribe:createForm', {\r\n  \"form\": {\r\n    \"class\": \"\",\r\n    \"style\": \"\"\r\n  },\r\n  \"container\": {\r\n    \"type\": \"div\",\r\n    \"class\": \"\",\r\n    \"style\": \"width: 100%;\"\r\n  },\r\n  \"row\": {\r\n    \"type\": \"div\",\r\n    \"class\": \"\",\r\n    \"style\": \"\"\r\n  },\r\n  \"columnLeft\": {\r\n    \"type\": \"div\",\r\n    \"class\": \"\",\r\n    \"style\": \"width: 40%; padding: 10px 5px; display: inline-block;\"\r\n  },\r\n  \"columnRight\": {\r\n    \"type\": \"div\",\r\n    \"class\": \"\",\r\n    \"style\": \" width: 60%; display: inline-block;\"\r\n  },\r\n  \"checkbox\": {\r\n    \"type\": \"input\",\r\n    \"class\": \"\",\r\n    \"style\": \"\"\r\n  },\r\n  \"separator\": {\r\n    \"type\": \"br\",\r\n    \"class\": \"\",\r\n    \"style\": \"\"\r\n  },\r\n  \"input\": {\r\n    \"class\": \"\",\r\n    \"style\": \"padding: 5px 10px; border-radius: 2px; border: 1px solid #d8dee4;\"\r\n  },\r\n  \"dropdown\": {\r\n    \"type\": \"select\",\r\n    \"class\": \"\",\r\n    \"style\": \"padding: 3px 5px; border-radius: 2px; border: 1px solid #d8dee4;\"\r\n  },\r\n  \"button\": {\r\n    \"type\": \"button\",\r\n    \"class\": \"\",\r\n    \"id\": \"\",\r\n    \"style\": \"background-color: #00baff; border: none; border-radius: 4px; padding: 10px 20px; color: #ffffff; margin-top: 20px; cursor: pointer;\"\r\n  },\r\n  \"label\": {\r\n    \"type\": \"label\",\r\n    \"class\": \"\",\r\n    \"style\": \"padding-left: 5px; display: inline-block;\"\r\n  },\r\n  \"loader\": {\r\n    \"type\": \"img\",\r\n    \"src\": \"\/\/www.newsletter2go.com\/images\/loader.svg\",\r\n    \"class\": \"\",\r\n    \"style\": \"margin: auto; display:block;\"\r\n  },\r\n  \"message\": {\r\n    \"type\": \"h2\",\r\n    \"class\": \"\",\r\n    \"id\": \"\",\r\n    \"style\": \"text-align: center;\"\r\n  }\r\n},\"69e231e3d24a2\");\n<\/script><\/div>\n            <\/section>\n\n\n\n<p>Vielen Dank schon jetzt f\u00fcr Ihr Interesse!<\/p>\n\n\n\n<p><\/p>\n\n\n\n<p><strong>Fr\u00fchere Ausgaben<\/strong><\/p>\n\n\n\n<p>Hier k\u00f6nnen Sie alle bisherigen Ausgaben unseres Newsletters einsehen.<\/p>\n\n\n\n<!-- N2G Archive embed begin -->\n<script id=\"n2g_script\">\n  !function(e,t,n,c,r,a,i){e.Newsletter2GoTrackingObject=r,e[r]=e[r]||function(){(e[r].q=e[r].q||[]).push(arguments)},e[r].l=1*new Date,a=t.createElement(n),i=t.getElementsByTagName(n)[0],a.async=1,a.src=c,i.parentNode.insertBefore(a,i)}(window,document,\"script\",\"https:\/\/static.newsletter2go.com\/utils.js\",\"n2g\");\n\n n2g('create','ewuqtpwn-pgo3qn3b-1dfq'); n2g('archive', 6, 'n2g-archive-container-wrapper');<\/script>\n\n<!-- N2G template styles begin -->\n<style type=\"text\/css\">#n2g-archive-container-wrapper {\n    max-width: 620px;\n    list-style-type: none;\n    padding: 10px;\n    margin: 0 auto;\n}\n.n2g-archive-items {\n    display: block;\n    overflow: auto;\n}\n.n2g-archive-item {\n    width: 33.3%;\n    float: left;\n    padding: 5px;\n    margin-bottom: 5px;\n    box-sizing: border-box;\n    -moz-box-sizing: border-box;\n    -webkit-box-sizing: border-box;\n}\n.n2g-archive-item a {\n    display: block;\n    text-decoration: none;\n    color: #000;\n    border: 1px solid #cccccc;\n    background-color: #fff;\n    -webkit-border-radius: 5px;\n    -moz-border-radius: 5px;\n    border-radius: 5px;\n}\n.n2g-archive-item-thumbnail {\n    display: block;\n    height: 200px;\n    overflow: hidden;\n    position: relative;\n    margin: 0 auto;\n}\n.n2g-archive-item-thumbnail img {\n    width: 100%;\n}\n.n2g-archive-item-text {\n    padding: 15px 10px;\n    position: relative;\n    -webkit-box-shadow: 0px -10px 16px 0px #e6e6e6;\n    -moz-box-shadow: 0px -10px 16px 0px #e6e6e6;\n    box-shadow: 0px -10px 16px 0px #e6e6e6;\n}\n.n2g-archive-subject {\n    font-size: 18px;\n    display: block;\n    width: 100%;\n    white-space: nowrap;\n    overflow: hidden;\n    text-overflow: ellipsis;\n}\n.n2g-archive-date {\n    font-size: 14px;\n    margin: 10px 0 5px;\n}\n.n2g-archive-pagination {\n    list-style-type: none;\n    text-align: right;\n}\n.n2g-archive-pagination li {\n    display: inline-block;\n}\n.n2g-archive-pagination a {\n    display: block;\n    padding: 5px 8px;\n    text-decoration: none;\n    background-color: #dfe6e9;\n    color: #2d3436;\n}\n.n2g-archive-pagination a:hover, .n2g-archive-pagination .n2g-active a {\n    background-color: #b2bec3;\n}\n.n2g-archive-pagination li:first-child a {\n    border-radius: 4px 0 0 4px;\n}\n.n2g-archive-pagination li:last-child a {\n    border-radius: 0 4px 4px 0;\n}<\/style>\n<!-- N2G template styles end -->\n\n<!-- N2G template html begin -->\n<div id=\"n2g-archive-container-wrapper\" style=\"display: none;\">\n<div class=\"n2g-archive-items\">\n    {% for mailing in mailings | slice(offset, count) %}\n    <div class=\"n2g-archive-item\">\n        <a n2g-href=\"{{ mailing.webversion }}\" target=\"_blank\" rel=\"noopener\">\n            <div class=\"n2g-archive-item-thumbnail\">\n                <img n2g-src=\"{{ mailing.image_full | default('https:\/\/via.placeholder.com\/230x250') }}\" alt=\"\">\n            <\/div>\n            <div class=\"n2g-archive-item-text\">\n                <span class=\"n2g-archive-subject\">{{ mailing.subject }}<\/span>\n                <p class=\"n2g-archive-date\">{{ mailing.last_dispatch_time | date(&#8222;Y.m.d&#8220;) }} <\/p>\n            <\/div>\n        <\/a> \n    <\/div> \n    {% endfor %} \n<\/div>\n<div id=\"n2g-archive-pagination-wrapper\">\n    <ul class=\"n2g-archive-pagination\">\n        <li>\n            <a aria-label=\"Previous\" onclick=\"n2g('archive:prevPage')\" href=\"javascript:;\"><span aria-hidden=\"true\">\u00c7<\/span><\/a>\n        <\/li>{% for page in 1..pages %}<li class=\"{% if loop.index == currentPage %}n2g-active{% endif %}\">\n            <a onclick=\"n2g('archive:gotoPage',{{loop.index}})\" href=\"javascript:;\">{{loop.index}}<\/a>\n        <\/li>{% endfor %}<li>\n            <a aria-label=\"Next\" onclick=\"n2g('archive:nextPage')\" href=\"javascript:;\"><span aria-hidden=\"true\">\u00c8<\/span><\/a>\n        <\/li>\n    <\/ul>\n<\/div>\n<\/div>\n<!-- N2G template html end -->\n\n<!-- N2G Archive embed end -->\n","protected":false},"excerpt":{"rendered":"<p>Auch nach der Berliner Wiederholungswahl darf ich nun Ihre Interessen als direkt gew\u00e4hlte Abgeordnete f\u00fcr Kaulsdorf und Mahlsdorf vertreten. Zus\u00e4tzlich bin ich seit dem 27. April 2023 Senatorin f\u00fcr Bildung, [&hellip;]<\/p>\n","protected":false},"author":3,"featured_media":0,"parent":0,"menu_order":0,"comment_status":"closed","ping_status":"closed","template":"page-templates\/basic-page.php","meta":{"footnotes":""},"class_list":["post-3896","page","type-page","status-publish","hentry"],"_links":{"self":[{"href":"https:\/\/kgw-berlin.de\/test\/wp-json\/wp\/v2\/pages\/3896","targetHints":{"allow":["GET"]}}],"collection":[{"href":"https:\/\/kgw-berlin.de\/test\/wp-json\/wp\/v2\/pages"}],"about":[{"href":"https:\/\/kgw-berlin.de\/test\/wp-json\/wp\/v2\/types\/page"}],"author":[{"embeddable":true,"href":"https:\/\/kgw-berlin.de\/test\/wp-json\/wp\/v2\/users\/3"}],"replies":[{"embeddable":true,"href":"https:\/\/kgw-berlin.de\/test\/wp-json\/wp\/v2\/comments?post=3896"}],"version-history":[{"count":4,"href":"https:\/\/kgw-berlin.de\/test\/wp-json\/wp\/v2\/pages\/3896\/revisions"}],"predecessor-version":[{"id":5904,"href":"https:\/\/kgw-berlin.de\/test\/wp-json\/wp\/v2\/pages\/3896\/revisions\/5904"}],"wp:attachment":[{"href":"https:\/\/kgw-berlin.de\/test\/wp-json\/wp\/v2\/media?parent=3896"}],"curies":[{"name":"wp","href":"https:\/\/api.w.org\/{rel}","templated":true}]}}