{"id":344,"date":"2015-04-26T12:35:10","date_gmt":"2015-04-26T10:35:10","guid":{"rendered":"http:\/\/www.anarieldesign.com\/themedemos\/maisha\/?page_id=344"},"modified":"2023-01-05T15:27:50","modified_gmt":"2023-01-05T14:27:50","slug":"sicherheit-ordnung","status":"publish","type":"page","link":"https:\/\/kgw-berlin.de\/test\/gemeinsam-fuer-mahlsdorf-und-kaulsdorf\/sicherheit-ordnung\/","title":{"rendered":"Sicherheit und Ordnung"},"content":{"rendered":"\n<p><span style=\"font-weight: 400;\">Ein ordentliches Umfeld und Sicherheit im Kiez sind mir wichtig. <\/span><\/p>\n\n\n\n<p><span style=\"font-weight: 400;\">Daf\u00fcr m\u00fcssen wir die besten Rahmenbedingungen schaffen.<\/span><\/p>\n\n\n\n<!--more-->\n\n\n\n<p>Eine starke Feuerwehr ist f\u00fcr einen sicheren Kiez unabdingbar. Dabei ist die Freiwillige Feuerwehr eine wichtige St\u00fctze. Dieses ehrenamtliche Engagement ben\u00f6tigt gerade in Mahlsdorf unsere Unterst\u00fctzung.<\/p>\n\n\n\n<p>W\u00e4hrend der Kiez in den letzten Jahren unaufh\u00f6rlich gewachsen ist, ist die Feuerwache in der Donizettistra\u00dfe leider nicht mitgewachsen. Doch im Sommer 2021 kam die gute Nachricht, dass ein passendes Grundst\u00fcck gefunden und von den Verantwortlichen der Feuerwehr auch schon als tauglich bewertet wurden ist. S\u00fcdlich der neuen ISS Mahlsdorf und \u00f6stlich des Regenr\u00fcckhaltebeckens soll eine XL Wache mit 5 Toren entstehen. Nach der langen Zeit des Wartens w\u00e4re es jetzt darum gegangen, das Grundst\u00fcck planungsrechtlich zu sichern und vor allem die Finanzierung sicherzustellen. Daf\u00fcr m\u00fcsste der von uns schon lange geforderten B-Plan\u00e4nderung zugestimmt werden, um dem privaten Investor auch ein attraktives Angebot f\u00fcr die Abgabe des Grundst\u00fccks f\u00fcr die Feuerwache zu unterbreiten und gleichzeitig Wohnraum f\u00fcr die jungen Feuerwehrleute im Kiez zur Verf\u00fcgung zu stellen. Daf\u00fcr werde ich mich sowohl mit unserer Fraktion im Bezirk als auch bei der Senatsinnenverwaltung auf Landesebene weiterhin k\u00e4mpfen.<\/p>\n\n\n\n<figure class=\"wp-block-image alignleft size-medium\"><img decoding=\"async\" src=\"http:\/\/kgw-berlin.de\/test\/wp-content\/uploads\/2023\/01\/Kaulsdorfersee-225x300.jpg\" alt=\"\" class=\"wp-image-5066\"\/><figcaption class=\"wp-element-caption\">Kaulsdorfer Seen<\/figcaption><\/figure>\n\n\n\n<p>Saubere Parks, sichere Spielpl\u00e4tze und intakte Naherholungsgebiete brauchen Schutz und kontinuierliche Pflege. Die Ordnungs- und Sicherheitskr\u00e4fte m\u00fcssen noch pr\u00e4senter und f\u00fcr uns B\u00fcrger ansprechbar sein. Daf\u00fcr m\u00fcssen die personellen Voraussetzungen geschaffen werden. Das Konzept der mobilen Einsatzwachen muss ausgeweitet, den Direktionen daf\u00fcr das entsprechende Personal zur Verf\u00fcgung gestellt werden.<\/p>\n\n\n\n<p>Ich will, dass noch viele Generationen unser wundersch\u00f6nes Erholungsgebiet nutzen k\u00f6nnen. Daf\u00fcr braucht es ein Konzept, ein Budget und unser b\u00fcrgerschaftliches Engagement. Deshalb habe ich mit unserer Bezirksfraktion Antr\u00e4ge f\u00fcr einen Pflegeentwicklungsplan und besonders f\u00fcr die Finanzierung von Park- und Landschaftsrangern in das Bezirksparlament eingebracht. Ziel muss es sein, Flora und Fauna zu sch\u00fctzen, aber auch B\u00fcrgern und Nachbarn Sicherheit und Ordnung bei gleichzeitiger Nutzung des Landschaftsschutzgebietes zu garantieren.<\/p>\n\n\n\n<p><\/p>\n","protected":false},"excerpt":{"rendered":"<p>Ein ordentliches Umfeld und Sicherheit im Kiez sind mir wichtig. Daf\u00fcr m\u00fcssen wir die besten Rahmenbedingungen schaffen.<\/p>\n","protected":false},"author":3,"featured_media":5098,"parent":336,"menu_order":3,"comment_status":"closed","ping_status":"closed","template":"page-templates\/full-width-page.php","meta":{"footnotes":""},"class_list":["post-344","page","type-page","status-publish","has-post-thumbnail","hentry"],"_links":{"self":[{"href":"https:\/\/kgw-berlin.de\/test\/wp-json\/wp\/v2\/pages\/344","targetHints":{"allow":["GET"]}}],"collection":[{"href":"https:\/\/kgw-berlin.de\/test\/wp-json\/wp\/v2\/pages"}],"about":[{"href":"https:\/\/kgw-berlin.de\/test\/wp-json\/wp\/v2\/types\/page"}],"author":[{"embeddable":true,"href":"https:\/\/kgw-berlin.de\/test\/wp-json\/wp\/v2\/users\/3"}],"replies":[{"embeddable":true,"href":"https:\/\/kgw-berlin.de\/test\/wp-json\/wp\/v2\/comments?post=344"}],"version-history":[{"count":10,"href":"https:\/\/kgw-berlin.de\/test\/wp-json\/wp\/v2\/pages\/344\/revisions"}],"predecessor-version":[{"id":5073,"href":"https:\/\/kgw-berlin.de\/test\/wp-json\/wp\/v2\/pages\/344\/revisions\/5073"}],"up":[{"embeddable":true,"href":"https:\/\/kgw-berlin.de\/test\/wp-json\/wp\/v2\/pages\/336"}],"wp:featuredmedia":[{"embeddable":true,"href":"https:\/\/kgw-berlin.de\/test\/wp-json\/wp\/v2\/media\/5098"}],"wp:attachment":[{"href":"https:\/\/kgw-berlin.de\/test\/wp-json\/wp\/v2\/media?parent=344"}],"curies":[{"name":"wp","href":"https:\/\/api.w.org\/{rel}","templated":true}]}}