{"id":3364,"date":"2020-11-24T00:45:04","date_gmt":"2020-11-23T23:45:04","guid":{"rendered":"https:\/\/www.kgwberlin.de\/?page_id=3364"},"modified":"2023-05-30T16:59:56","modified_gmt":"2023-05-30T14:59:56","slug":"aktuelles-aus-der-bvv-und-den-ausschuessen","status":"publish","type":"page","link":"https:\/\/kgw-berlin.de\/test\/aktuelles\/aktuelles-aus-der-bvv-und-den-ausschuessen\/","title":{"rendered":"Aktuelles aus der BVV und den Aussch\u00fcssen"},"content":{"rendered":"\n<p><span style=\"font-weight: 400;\">Ab kommenden Jahr werde ich regelm\u00e4\u00dfig \u00fcber meine Aktivit\u00e4ten in der Bezirksverordnetenversammlung und aus meinen Aussch\u00fcssen berichten. Anfragen und Antr\u00e4ge werden Sie hier finden, ebenso wie Entscheidungen und Weiterentwicklungen zu wichtigen Themen f\u00fcr Mahlsdorf und Kaulsdorf.<\/span><\/p>\n","protected":false},"excerpt":{"rendered":"","protected":false},"author":3,"featured_media":0,"parent":3051,"menu_order":0,"comment_status":"closed","ping_status":"closed","template":"page-templates\/full-width-page.php","meta":{"footnotes":""},"class_list":["post-3364","page","type-page","status-publish","hentry"],"_links":{"self":[{"href":"https:\/\/kgw-berlin.de\/test\/wp-json\/wp\/v2\/pages\/3364","targetHints":{"allow":["GET"]}}],"collection":[{"href":"https:\/\/kgw-berlin.de\/test\/wp-json\/wp\/v2\/pages"}],"about":[{"href":"https:\/\/kgw-berlin.de\/test\/wp-json\/wp\/v2\/types\/page"}],"author":[{"embeddable":true,"href":"https:\/\/kgw-berlin.de\/test\/wp-json\/wp\/v2\/users\/3"}],"replies":[{"embeddable":true,"href":"https:\/\/kgw-berlin.de\/test\/wp-json\/wp\/v2\/comments?post=3364"}],"version-history":[{"count":3,"href":"https:\/\/kgw-berlin.de\/test\/wp-json\/wp\/v2\/pages\/3364\/revisions"}],"predecessor-version":[{"id":3375,"href":"https:\/\/kgw-berlin.de\/test\/wp-json\/wp\/v2\/pages\/3364\/revisions\/3375"}],"up":[{"embeddable":true,"href":"https:\/\/kgw-berlin.de\/test\/wp-json\/wp\/v2\/pages\/3051"}],"wp:attachment":[{"href":"https:\/\/kgw-berlin.de\/test\/wp-json\/wp\/v2\/media?parent=3364"}],"curies":[{"name":"wp","href":"https:\/\/api.w.org\/{rel}","templated":true}]}}