{"id":336,"date":"2015-04-26T12:25:58","date_gmt":"2015-04-26T10:25:58","guid":{"rendered":"http:\/\/www.anarieldesign.com\/themedemos\/maisha\/?page_id=336"},"modified":"2023-01-04T20:46:00","modified_gmt":"2023-01-04T19:46:00","slug":"gemeinsam-fuer-mahlsdorf-und-kaulsdorf","status":"publish","type":"page","link":"https:\/\/kgw-berlin.de\/test\/gemeinsam-fuer-mahlsdorf-und-kaulsdorf\/","title":{"rendered":"Gemeinsam. F\u00fcr Mahlsdorf und Kaulsdorf."},"content":{"rendered":"<p>Gestalten Sie mit mir gemeinsam unsere sch\u00f6nen Ortsteile! Meine Schwerpunktthemen.<\/p>\n<p><b>Kita und Schule<br \/>\n<span style=\"font-weight: 400;\">Unsere Kinder brauchen Kitapl\u00e4tze und Betreuung damit sie gef\u00f6rdert, auf die Schule vorbereitet werden und Eltern arbeiten k\u00f6nnen.\u00a0<\/span><\/b><span style=\"font-weight: 400;\">Als P\u00e4dagogin, Schulleiterin und Mutter von drei Kindern will ich eine Bildungspolitik mit Weitblick.<\/span><\/p>\n<p><b>Mobilit\u00e4t<br \/>\n<\/b><span style=\"font-weight: 400;\">Mahlsdorf und Kaulsdorf brauchen dringend Entlastung ohne die einzelnen Verkehrsteilnehmer gegeneinander auszuspielen.<\/span><\/p>\n<p><b>Sicherheit und Ordnung<br \/>\n<\/b><span style=\"font-weight: 400;\">Saubere Parks, sichere Spielpl\u00e4tze, intakte Erholungsgebiete und ein sicheres Umfeld sind mir wichtig.<\/span><\/p>\n<p><strong>Grundsteuer und Energie<br \/>\n<\/strong>Mahlsdorf und Kaulsdorf haben eine lange Tradition. Beide D\u00f6rfer existieren seit mehreren\u00a0Jahrhunderten und gemeinsam mit Biesdorf werden sie als das Siedlungsgebiet bezeichnet.<\/p>\n<p><strong>\u00c4rzteversorgung und Gesundheit<br \/>\n<\/strong>Die Verbesserung der \u00e4rztlichen Versorgung ist in unserem Bezirk eine der dr\u00e4ngendsten Aufgaben.<\/p>\n","protected":false},"excerpt":{"rendered":"<p>Gestalten Sie mit mir gemeinsam unsere sch\u00f6nen Ortsteile! Meine Schwerpunktthemen. Kita und Schule Unsere Kinder brauchen Kitapl\u00e4tze und Betreuung damit sie gef\u00f6rdert, auf die Schule vorbereitet werden und Eltern arbeiten [&hellip;]<\/p>\n","protected":false},"author":3,"featured_media":3432,"parent":0,"menu_order":0,"comment_status":"closed","ping_status":"closed","template":"page-templates\/full-width-page.php","meta":{"footnotes":""},"class_list":["post-336","page","type-page","status-publish","has-post-thumbnail","hentry"],"_links":{"self":[{"href":"https:\/\/kgw-berlin.de\/test\/wp-json\/wp\/v2\/pages\/336","targetHints":{"allow":["GET"]}}],"collection":[{"href":"https:\/\/kgw-berlin.de\/test\/wp-json\/wp\/v2\/pages"}],"about":[{"href":"https:\/\/kgw-berlin.de\/test\/wp-json\/wp\/v2\/types\/page"}],"author":[{"embeddable":true,"href":"https:\/\/kgw-berlin.de\/test\/wp-json\/wp\/v2\/users\/3"}],"replies":[{"embeddable":true,"href":"https:\/\/kgw-berlin.de\/test\/wp-json\/wp\/v2\/comments?post=336"}],"version-history":[{"count":9,"href":"https:\/\/kgw-berlin.de\/test\/wp-json\/wp\/v2\/pages\/336\/revisions"}],"predecessor-version":[{"id":5077,"href":"https:\/\/kgw-berlin.de\/test\/wp-json\/wp\/v2\/pages\/336\/revisions\/5077"}],"wp:featuredmedia":[{"embeddable":true,"href":"https:\/\/kgw-berlin.de\/test\/wp-json\/wp\/v2\/media\/3432"}],"wp:attachment":[{"href":"https:\/\/kgw-berlin.de\/test\/wp-json\/wp\/v2\/media?parent=336"}],"curies":[{"name":"wp","href":"https:\/\/api.w.org\/{rel}","templated":true}]}}