{"id":3211,"date":"2020-11-17T23:53:21","date_gmt":"2020-11-17T22:53:21","guid":{"rendered":"http:\/\/aufbau.kgwberlin.de\/?page_id=3211"},"modified":"2023-01-04T19:12:00","modified_gmt":"2023-01-04T18:12:00","slug":"wofuer-stehe-ich","status":"publish","type":"page","link":"https:\/\/kgw-berlin.de\/test\/about\/wofuer-stehe-ich\/","title":{"rendered":"Bildung \u2013 meine Leidenschaft"},"content":{"rendered":"\n<p>Bereits fr\u00fch waren mir die Themen Bildung, Familie und Jugendhilfe sehr wichtig. Durch verschiedene Stationen w\u00e4hrend meines Studiums und meiner beruflichen T\u00e4tigkeit, sind mir die Bedeutung von guter Bildung und Chancengerechtigkeit mehr als einmal bewusst geworden.<\/p>\n\n\n\n<!--more-->\n\n\n\n<figure class=\"wp-block-image alignleft size-medium\"><img loading=\"lazy\" decoding=\"async\" width=\"275\" height=\"300\" src=\"http:\/\/kgw-berlin.de\/test\/wp-content\/uploads\/2023\/01\/Foto-18.11.22-10-40-21-scaled-e1672855220528-275x300.jpg\" alt=\"\" class=\"wp-image-5021\" srcset=\"https:\/\/kgw-berlin.de\/test\/wp-content\/uploads\/2023\/01\/Foto-18.11.22-10-40-21-scaled-e1672855220528-275x300.jpg 275w, https:\/\/kgw-berlin.de\/test\/wp-content\/uploads\/2023\/01\/Foto-18.11.22-10-40-21-scaled-e1672855220528-940x1024.jpg 940w, https:\/\/kgw-berlin.de\/test\/wp-content\/uploads\/2023\/01\/Foto-18.11.22-10-40-21-scaled-e1672855220528-768x837.jpg 768w, https:\/\/kgw-berlin.de\/test\/wp-content\/uploads\/2023\/01\/Foto-18.11.22-10-40-21-scaled-e1672855220528-1410x1536.jpg 1410w, https:\/\/kgw-berlin.de\/test\/wp-content\/uploads\/2023\/01\/Foto-18.11.22-10-40-21-scaled-e1672855220528-1880x2048.jpg 1880w, https:\/\/kgw-berlin.de\/test\/wp-content\/uploads\/2023\/01\/Foto-18.11.22-10-40-21-scaled-e1672855220528-184x200.jpg 184w, https:\/\/kgw-berlin.de\/test\/wp-content\/uploads\/2023\/01\/Foto-18.11.22-10-40-21-scaled-e1672855220528-150x163.jpg 150w, https:\/\/kgw-berlin.de\/test\/wp-content\/uploads\/2023\/01\/Foto-18.11.22-10-40-21-scaled-e1672855220528-547x596.jpg 547w, https:\/\/kgw-berlin.de\/test\/wp-content\/uploads\/2023\/01\/Foto-18.11.22-10-40-21-scaled-e1672855220528-678x739.jpg 678w, https:\/\/kgw-berlin.de\/test\/wp-content\/uploads\/2023\/01\/Foto-18.11.22-10-40-21-scaled-e1672855220528-300x327.jpg 300w, https:\/\/kgw-berlin.de\/test\/wp-content\/uploads\/2023\/01\/Foto-18.11.22-10-40-21-scaled-e1672855220528-524x571.jpg 524w, https:\/\/kgw-berlin.de\/test\/wp-content\/uploads\/2023\/01\/Foto-18.11.22-10-40-21-scaled-e1672855220528-420x458.jpg 420w, https:\/\/kgw-berlin.de\/test\/wp-content\/uploads\/2023\/01\/Foto-18.11.22-10-40-21-scaled-e1672855220528-444x484.jpg 444w, https:\/\/kgw-berlin.de\/test\/wp-content\/uploads\/2023\/01\/Foto-18.11.22-10-40-21-scaled-e1672855220528-916x998.jpg 916w, https:\/\/kgw-berlin.de\/test\/wp-content\/uploads\/2023\/01\/Foto-18.11.22-10-40-21-scaled-e1672855220528.jpg 1920w\" sizes=\"auto, (max-width: 275px) 100vw, 275px\" \/><\/figure>\n\n\n\n<p>Daf\u00fcr ben\u00f6tigen wir ausreichend Kitapl\u00e4tze f\u00fcr die Fr\u00fchf\u00f6rderung, Grundschulen mit kleinen Klassen und gut qualifizierten Lehrkr\u00e4ften und weiterf\u00fchrende Schulen in allen Schulformen, damit unsere Kinder gezielt gef\u00f6rdert werden und nicht unn\u00f6tig lange Fahrtwege in andere Bezirke auf sich nehmen m\u00fcssen.<\/p>\n\n\n\n<p>Durch meine T\u00e4tigkeit als stellvertretende Schulleiterin in Neuk\u00f6lln und meinem Wohn- und Lebensort in Kaulsdorf-Mahlsdorf ist f\u00fcr mich Mobilit\u00e4t in meinem Alltag ein zentrales Thema. Die Abw\u00e4gung zwischen den unterschiedlichen M\u00f6glichkeiten als Verkehrsteilnehmer voranzukommen, ist mitunter schwierig. Daher ist es wichtig, den \u00f6ffentlichen Personennahverkehr auszubauen und den Individualverkehr zu optimieren.<\/p>\n\n\n\n<p>Als Bezirksverordnete konnte ich in den letzten Jahren parlamentarische Erfahrungen sammeln. Die politische Debatte um wichtige Infrastruktur muss weitergehen. Handeln ist endlich gefragt!<\/p>\n\n\n\n<p>Kita- und Schulpl\u00e4tze fehlen. Jugendhilfe geh\u00f6rt ausgebaut. Mahlsdorf und Kaulsdorf brauchen dringend Entlastung in der Mobilit\u00e4t. Die TVO muss kommen! Die Taktung des \u00d6PNV muss schnellstm\u00f6glich erh\u00f6ht werden. S- und U-Bahn m\u00fcssen noch besser eingebunden werden. Es darf keine weitere Verdichtung ohne den Ausbau der zugeh\u00f6rigen und notwendigen Infrastruktur geben. Alle Generationen brauchen in Mahlsdorf und Kaulsdorf M\u00f6glichkeiten, um ihren Alltag zu gestalten. Da geh\u00f6ren Angebote f\u00fcr Familien, Kinder und Jugendliche genauso dazu wie auch Treffpunkte f\u00fcr Seniorinnen und Senioren.<\/p>\n","protected":false},"excerpt":{"rendered":"<p>Bereits fr\u00fch waren mir die Themen Bildung, Familie und Jugendhilfe sehr wichtig. Durch verschiedene Stationen w\u00e4hrend meines Studiums und meiner beruflichen T\u00e4tigkeit, sind mir die Bedeutung von guter Bildung und [&hellip;]<\/p>\n","protected":false},"author":3,"featured_media":5030,"parent":861,"menu_order":2,"comment_status":"closed","ping_status":"closed","template":"page-templates\/full-width-page.php","meta":{"footnotes":""},"class_list":["post-3211","page","type-page","status-publish","has-post-thumbnail","hentry"],"_links":{"self":[{"href":"https:\/\/kgw-berlin.de\/test\/wp-json\/wp\/v2\/pages\/3211","targetHints":{"allow":["GET"]}}],"collection":[{"href":"https:\/\/kgw-berlin.de\/test\/wp-json\/wp\/v2\/pages"}],"about":[{"href":"https:\/\/kgw-berlin.de\/test\/wp-json\/wp\/v2\/types\/page"}],"author":[{"embeddable":true,"href":"https:\/\/kgw-berlin.de\/test\/wp-json\/wp\/v2\/users\/3"}],"replies":[{"embeddable":true,"href":"https:\/\/kgw-berlin.de\/test\/wp-json\/wp\/v2\/comments?post=3211"}],"version-history":[{"count":9,"href":"https:\/\/kgw-berlin.de\/test\/wp-json\/wp\/v2\/pages\/3211\/revisions"}],"predecessor-version":[{"id":5026,"href":"https:\/\/kgw-berlin.de\/test\/wp-json\/wp\/v2\/pages\/3211\/revisions\/5026"}],"up":[{"embeddable":true,"href":"https:\/\/kgw-berlin.de\/test\/wp-json\/wp\/v2\/pages\/861"}],"wp:featuredmedia":[{"embeddable":true,"href":"https:\/\/kgw-berlin.de\/test\/wp-json\/wp\/v2\/media\/5030"}],"wp:attachment":[{"href":"https:\/\/kgw-berlin.de\/test\/wp-json\/wp\/v2\/media?parent=3211"}],"curies":[{"name":"wp","href":"https:\/\/api.w.org\/{rel}","templated":true}]}}