{"id":3204,"date":"2020-11-17T22:56:38","date_gmt":"2020-11-17T21:56:38","guid":{"rendered":"http:\/\/aufbau.kgwberlin.de\/?page_id=3204"},"modified":"2020-11-17T22:56:38","modified_gmt":"2020-11-17T21:56:38","slug":"impressum","status":"publish","type":"page","link":"https:\/\/kgw-berlin.de\/test\/impressum\/","title":{"rendered":"Impressum"},"content":{"rendered":"\n<p><strong>Verantwortlich:<br><\/strong>Gesetzlich vorgeschriebene Angaben ( \u00a7 6 Abs. 1 MdStV\/TDG ):<\/p>\n\n\n\n<p>Katharina G\u00fcnther-W\u00fcnsch<br>H\u00f6nower Stra\u00dfe 67<br>12623 Berlin<br>Tel: (0 30) 56 69 74 50<br>Fax: (0 30) 56 69 74 55<br>E-Mail:\u00a0<a href=\"mailto:post@kgwberlin.de\">post@kgwberlin.de<\/a><\/p>\n\n\n\n<p><strong>Beschr\u00e4nkung auf pers\u00f6nliche und nicht-gewerbliche Nutzung<\/strong><br>Diese Website ist f\u00fcr Ihre pers\u00f6nliche und nicht-gewerbliche Nutzung bestimmt. Sie sind nicht berechtigt, irgendwelche Informationen, Software, Produkte oder Dienste, die Sie von dieser Website erhalten, zu \u00e4ndern, zu kopieren, zu vertreiben, zu \u00fcbermitteln, anzuzeigen, aufzuf\u00fchren, zu reproduzieren, zu ver\u00f6ffentlichen, zu lizenzieren, davon abgeleitete Werke herzustellen, zu \u00fcbertragen oder zu verkaufen.<\/p>\n\n\n\n<p><strong>Links zu Sites von Dritten<\/strong><br>Diese Website kann Links zu Websites enthalten, die von anderen Parteien als von\u00a0Katharina G\u00fcnther-W\u00fcnsch\u00a0betrieben werden. Solche Verbindungen werden nur aus Gr\u00fcnden der Benutzerfreundlichkeit zur Verf\u00fcgung gestellt.\u00a0Katharina G\u00fcnther-W\u00fcnsch\u00a0kontrolliert solche Websites nicht und ist f\u00fcr deren Inhalt nicht verantwortlich. Die Bereitstellung von Links zu solchen Websites stellt keine Billigung des Materials auf solchen Websites dar und impliziert nicht irgendeine Verbindung mit deren Betreibern.<\/p>\n\n\n\n<p><strong>Haftungsausschluss<\/strong><br>Die Informationen, Software, Produkte und Dienste, die sich auf dieser Website befinden, k\u00f6nnen Ungenauigkeiten oder typographische Fehler enthalten. Helliwood macht keine Zusicherungen hinsichtlich Geeignetheit, Verl\u00e4sslichkeit, P\u00fcnktlichkeit oder Genauigkeit der Informationen, der Software, der Produkte, der Dienste oder damit zusammenh\u00e4ngende Grafiken, die auf dieser Website f\u00fcr irgendwelche Zwecke enthalten sind. All diese Informationen, Software, Produkte, Dienste und damit zusammenh\u00e4ngende Grafiken werden \u201cwie besehen\u201d zur Verf\u00fcgung gestellt, ohne Gew\u00e4hrleistung jeglicher Art.<br>Wenn Sie mit irgendeinem Teil dieser Website nicht zufrieden sind, ist Ihre einzige M\u00f6glichkeit die Beendigung der Nutzung dieser Website.<\/p>\n\n\n\n<p><strong>Urheberrechts- und Markenhinweis<\/strong><br>Der gesamte Inhalt dieser Website ist: Copyright\u00a02020\u00a0Katharina G\u00fcnther-W\u00fcnsch\u00a0und\/oder deren Lieferanten. Alle Rechte vorbehalten. Namen von Produkten und Gesellschaften, die hierin erw\u00e4hnt werden, k\u00f6nnen Marken der jeweiligen Eigent\u00fcmer sein.<\/p>\n\n\n\n<p><strong>Einsatz von Google Analytics<\/strong><br>Diese Website benutzt Google Analytics, einen Webanalysedienst der Google Inc., um eine Analyse der Benutzung der Website zu erm\u00f6glichen. Die durch den Einsatz von Google Analytics erzeugten Informationen \u00fcber Ihre Nutzung diese Website (einschlie\u00dflich Ihrer IP-Adresse) werden an einen Server der Google Inc. in den USA \u00fcbertragen und dort gespeichert. Google wird diese Informationen lediglich dazu verwenden, die Nutzung der Website zu analysieren, indem anonymisierte Auswertungen und Grafiken zur Anzahl der Besuche, Anzahl der pro Nutzer aufgerufenen Seiten usw. erstellt werden. Diese setzen wir ausschlie\u00dflich zu Zwecken der eigenen Marktforschung und vor allem der Optimierung und bedarfsgerechten Gestaltung unserer Webseiten ein. Mehr Informationen zur von Google eingesetzten Technologie finden sie unter www.google.com\/analytics.<\/p>\n\n\n\n<p><strong>Credits<\/strong><br>BlogSystem:\u00a0\u00a0<a href=\"http:\/\/wordpress.org\/\">WordPress<\/a><br><\/p>\n","protected":false},"excerpt":{"rendered":"<p>Verantwortlich:Gesetzlich vorgeschriebene Angaben ( \u00a7 6 Abs. 1 MdStV\/TDG ): Katharina G\u00fcnther-W\u00fcnschH\u00f6nower Stra\u00dfe 6712623 BerlinTel: (0 30) 56 69 74 50Fax: (0 30) 56 69 74 55E-Mail:\u00a0post@kgwberlin.de Beschr\u00e4nkung auf pers\u00f6nliche [&hellip;]<\/p>\n","protected":false},"author":3,"featured_media":0,"parent":0,"menu_order":0,"comment_status":"closed","ping_status":"closed","template":"page-templates\/basic-page.php","meta":{"footnotes":""},"class_list":["post-3204","page","type-page","status-publish","hentry"],"_links":{"self":[{"href":"https:\/\/kgw-berlin.de\/test\/wp-json\/wp\/v2\/pages\/3204","targetHints":{"allow":["GET"]}}],"collection":[{"href":"https:\/\/kgw-berlin.de\/test\/wp-json\/wp\/v2\/pages"}],"about":[{"href":"https:\/\/kgw-berlin.de\/test\/wp-json\/wp\/v2\/types\/page"}],"author":[{"embeddable":true,"href":"https:\/\/kgw-berlin.de\/test\/wp-json\/wp\/v2\/users\/3"}],"replies":[{"embeddable":true,"href":"https:\/\/kgw-berlin.de\/test\/wp-json\/wp\/v2\/comments?post=3204"}],"version-history":[{"count":1,"href":"https:\/\/kgw-berlin.de\/test\/wp-json\/wp\/v2\/pages\/3204\/revisions"}],"predecessor-version":[{"id":3205,"href":"https:\/\/kgw-berlin.de\/test\/wp-json\/wp\/v2\/pages\/3204\/revisions\/3205"}],"wp:attachment":[{"href":"https:\/\/kgw-berlin.de\/test\/wp-json\/wp\/v2\/media?parent=3204"}],"curies":[{"name":"wp","href":"https:\/\/api.w.org\/{rel}","templated":true}]}}