{"id":3055,"date":"2020-11-09T12:21:49","date_gmt":"2020-11-09T11:21:49","guid":{"rendered":"http:\/\/aufbau.kgwberlin.de\/?page_id=3055"},"modified":"2023-05-30T17:05:51","modified_gmt":"2023-05-30T15:05:51","slug":"senatorin-fuer-bildung-jugend-und-familie","status":"publish","type":"page","link":"https:\/\/kgw-berlin.de\/test\/aktuelles\/aktuelles-aus-der-bvv-und-den-ausschuessen\/senatorin-fuer-bildung-jugend-und-familie\/","title":{"rendered":"Senatorin f\u00fcr Bildung, Jugend und Familie"},"content":{"rendered":"\n<p><span style=\"font-weight: 400;\">Seit dem 27. April 2023 darf ich als Senatorin f\u00fcr Bildung, Jugend und Familie direkt dem Berliner Senat angeh\u00f6ren. Im Jahr 2023 habe ich zus\u00e4tzlich den Vorsitz der Kultusministerkonferenz.<br \/><br \/>Als Senatorin habe ich die Zust\u00e4ndigkeit f\u00fcr die Bildungspolitik inklusive des fr\u00fchkindlichen Bereichs in Kitas und Tagesst\u00e4tten, dem Bereich der Schulen und deren Sanierung und Digitalisierung, sowie den Aspekt der Erwachsenenbildung. Ebenso sind unsere T\u00e4tigkeitsbereiche die umfassenden Angebote f\u00fcr Familien und jungen Menschen.<br \/><br \/>Sie finden die Homepage der Senatsverwaltung unter:\u00a0<a href=\"https:\/\/www.berlin.de\/sen\/bjf\/\" target=\"_blank\" rel=\"noopener noreferrer\" data-saferedirecturl=\"https:\/\/www.google.com\/url?q=https:\/\/www.berlin.de\/sen\/bjf\/&amp;source=gmail&amp;ust=1685544934255000&amp;usg=AOvVaw0kJkOI_5P4MlyPDMyCJpEi\">https:\/\/www.berlin.de\/sen\/bjf\/<\/a><\/span><\/p>\n<p>\u00a0<\/p>\n","protected":false},"excerpt":{"rendered":"","protected":false},"author":3,"featured_media":5020,"parent":3364,"menu_order":1,"comment_status":"closed","ping_status":"closed","template":"page-templates\/full-width-page.php","meta":{"footnotes":""},"class_list":["post-3055","page","type-page","status-publish","has-post-thumbnail","hentry"],"_links":{"self":[{"href":"https:\/\/kgw-berlin.de\/test\/wp-json\/wp\/v2\/pages\/3055","targetHints":{"allow":["GET"]}}],"collection":[{"href":"https:\/\/kgw-berlin.de\/test\/wp-json\/wp\/v2\/pages"}],"about":[{"href":"https:\/\/kgw-berlin.de\/test\/wp-json\/wp\/v2\/types\/page"}],"author":[{"embeddable":true,"href":"https:\/\/kgw-berlin.de\/test\/wp-json\/wp\/v2\/users\/3"}],"replies":[{"embeddable":true,"href":"https:\/\/kgw-berlin.de\/test\/wp-json\/wp\/v2\/comments?post=3055"}],"version-history":[{"count":10,"href":"https:\/\/kgw-berlin.de\/test\/wp-json\/wp\/v2\/pages\/3055\/revisions"}],"predecessor-version":[{"id":6587,"href":"https:\/\/kgw-berlin.de\/test\/wp-json\/wp\/v2\/pages\/3055\/revisions\/6587"}],"up":[{"embeddable":true,"href":"https:\/\/kgw-berlin.de\/test\/wp-json\/wp\/v2\/pages\/3364"}],"wp:featuredmedia":[{"embeddable":true,"href":"https:\/\/kgw-berlin.de\/test\/wp-json\/wp\/v2\/media\/5020"}],"wp:attachment":[{"href":"https:\/\/kgw-berlin.de\/test\/wp-json\/wp\/v2\/media?parent=3055"}],"curies":[{"name":"wp","href":"https:\/\/api.w.org\/{rel}","templated":true}]}}